{"id":6720,"date":"2020-09-18T19:24:10","date_gmt":"2020-09-18T19:24:10","guid":{"rendered":"https:\/\/groovedesign.eu\/landing-pages\/plano-de-negocio-imobiliario\/?post_type=product&#038;p=6720"},"modified":"2020-09-18T19:27:01","modified_gmt":"2020-09-18T19:27:01","slug":"subscricao-anual","status":"publish","type":"product","link":"https:\/\/groovedesign.eu\/landing-pages\/plano-de-negocio-imobiliario\/produto\/subscricao-anual\/","title":{"rendered":"Subscri\u00e7\u00e3o Anual"},"content":{"rendered":"<p>Ofere\u00e7a com carinho!<\/p>\n","protected":false},"excerpt":{"rendered":"<p>A Subscri\u00e7\u00e3o Pro \u00e9 anual e permite-lhe efetuar todos os downloads gratuitamente durante 365 dias.<\/p>\n<p>Os download v\u00e3o sendo atualizados e ocasionalmente s\u00e3o adicionados novos items que podem estar inclu\u00eddos nesta subscri\u00e7\u00e3o!<\/p>\n","protected":false},"featured_media":4861,"comment_status":"open","ping_status":"closed","template":"","meta":[],"yoast_head":"<!-- This site is optimized with the Yoast SEO plugin v19.0 - https:\/\/yoast.com\/wordpress\/plugins\/seo\/ -->\n<title>Subscri\u00e7\u00e3o Anual - Plano de Neg\u00f3cio Imobili\u00e1rio<\/title>\n<meta name=\"robots\" content=\"index, follow, max-snippet:-1, max-image-preview:large, max-video-preview:-1\" \/>\n<link rel=\"canonical\" href=\"https:\/\/groovedesign.eu\/landing-pages\/plano-de-negocio-imobiliario\/produto\/subscricao-anual\/\" \/>\n<meta property=\"og:locale\" content=\"pt_PT\" \/>\n<meta property=\"og:type\" content=\"article\" \/>\n<meta property=\"og:title\" content=\"Subscri\u00e7\u00e3o Anual - Plano de Neg\u00f3cio Imobili\u00e1rio\" \/>\n<meta property=\"og:description\" content=\"A Subscri\u00e7\u00e3o Pro \u00e9 anual e permite-lhe efetuar todos os downloads gratuitamente durante 365 dias.  Os download v\u00e3o sendo atualizados e ocasionalmente s\u00e3o adicionados novos items que podem estar inclu\u00eddos nesta subscri\u00e7\u00e3o!\" \/>\n<meta property=\"og:url\" content=\"https:\/\/groovedesign.eu\/landing-pages\/plano-de-negocio-imobiliario\/produto\/subscricao-anual\/\" \/>\n<meta property=\"og:site_name\" content=\"Plano de Neg\u00f3cio Imobili\u00e1rio\" \/>\n<meta property=\"article:modified_time\" content=\"2020-09-18T19:27:01+00:00\" \/>\n<meta property=\"og:image\" content=\"https:\/\/groovedesign.eu\/landing-pages\/plano-de-negocio-imobiliario\/wp-content\/uploads\/2019\/12\/giftcards-pn-imo.jpg\" \/>\n\t<meta property=\"og:image:width\" content=\"478\" \/>\n\t<meta property=\"og:image:height\" content=\"300\" \/>\n\t<meta property=\"og:image:type\" content=\"image\/jpeg\" \/>\n<meta name=\"twitter:card\" content=\"summary_large_image\" \/>\n<script type=\"application\/ld+json\" class=\"yoast-schema-graph\">{\"@context\":\"https:\/\/schema.org\",\"@graph\":[{\"@type\":\"WebSite\",\"@id\":\"https:\/\/groovedesign.eu\/landing-pages\/plano-de-negocio-imobiliario\/#website\",\"url\":\"https:\/\/groovedesign.eu\/landing-pages\/plano-de-negocio-imobiliario\/\",\"name\":\"Plano de Neg\u00f3cio Imobili\u00e1rio\",\"description\":\"Loja Online\",\"potentialAction\":[{\"@type\":\"SearchAction\",\"target\":{\"@type\":\"EntryPoint\",\"urlTemplate\":\"https:\/\/groovedesign.eu\/landing-pages\/plano-de-negocio-imobiliario\/?s={search_term_string}\"},\"query-input\":\"required name=search_term_string\"}],\"inLanguage\":\"pt-PT\"},{\"@type\":\"ImageObject\",\"inLanguage\":\"pt-PT\",\"@id\":\"https:\/\/groovedesign.eu\/landing-pages\/plano-de-negocio-imobiliario\/produto\/subscricao-anual\/#primaryimage\",\"url\":\"https:\/\/groovedesign.eu\/landing-pages\/plano-de-negocio-imobiliario\/wp-content\/uploads\/2019\/12\/giftcards-pn-imo.jpg\",\"contentUrl\":\"https:\/\/groovedesign.eu\/landing-pages\/plano-de-negocio-imobiliario\/wp-content\/uploads\/2019\/12\/giftcards-pn-imo.jpg\",\"width\":478,\"height\":300},{\"@type\":\"WebPage\",\"@id\":\"https:\/\/groovedesign.eu\/landing-pages\/plano-de-negocio-imobiliario\/produto\/subscricao-anual\/#webpage\",\"url\":\"https:\/\/groovedesign.eu\/landing-pages\/plano-de-negocio-imobiliario\/produto\/subscricao-anual\/\",\"name\":\"Subscri\u00e7\u00e3o Anual - Plano de Neg\u00f3cio Imobili\u00e1rio\",\"isPartOf\":{\"@id\":\"https:\/\/groovedesign.eu\/landing-pages\/plano-de-negocio-imobiliario\/#website\"},\"primaryImageOfPage\":{\"@id\":\"https:\/\/groovedesign.eu\/landing-pages\/plano-de-negocio-imobiliario\/produto\/subscricao-anual\/#primaryimage\"},\"datePublished\":\"2020-09-18T19:24:10+00:00\",\"dateModified\":\"2020-09-18T19:27:01+00:00\",\"breadcrumb\":{\"@id\":\"https:\/\/groovedesign.eu\/landing-pages\/plano-de-negocio-imobiliario\/produto\/subscricao-anual\/#breadcrumb\"},\"inLanguage\":\"pt-PT\",\"potentialAction\":[{\"@type\":\"ReadAction\",\"target\":[\"https:\/\/groovedesign.eu\/landing-pages\/plano-de-negocio-imobiliario\/produto\/subscricao-anual\/\"]}]},{\"@type\":\"BreadcrumbList\",\"@id\":\"https:\/\/groovedesign.eu\/landing-pages\/plano-de-negocio-imobiliario\/produto\/subscricao-anual\/#breadcrumb\",\"itemListElement\":[{\"@type\":\"ListItem\",\"position\":1,\"name\":\"In\u00edcio\",\"item\":\"https:\/\/groovedesign.eu\/landing-pages\/plano-de-negocio-imobiliario\/\"},{\"@type\":\"ListItem\",\"position\":2,\"name\":\"Downloads\",\"item\":\"https:\/\/groovedesign.eu\/landing-pages\/plano-de-negocio-imobiliario\/downloads\/\"},{\"@type\":\"ListItem\",\"position\":3,\"name\":\"Subscri\u00e7\u00e3o Anual\"}]}]}<\/script>\n<!-- \/ Yoast SEO plugin. -->","yoast_head_json":{"title":"Subscri\u00e7\u00e3o Anual - Plano de Neg\u00f3cio Imobili\u00e1rio","robots":{"index":"index","follow":"follow","max-snippet":"max-snippet:-1","max-image-preview":"max-image-preview:large","max-video-preview":"max-video-preview:-1"},"canonical":"https:\/\/groovedesign.eu\/landing-pages\/plano-de-negocio-imobiliario\/produto\/subscricao-anual\/","og_locale":"pt_PT","og_type":"article","og_title":"Subscri\u00e7\u00e3o Anual - Plano de Neg\u00f3cio Imobili\u00e1rio","og_description":"A Subscri\u00e7\u00e3o Pro \u00e9 anual e permite-lhe efetuar todos os downloads gratuitamente durante 365 dias.  Os download v\u00e3o sendo atualizados e ocasionalmente s\u00e3o adicionados novos items que podem estar inclu\u00eddos nesta subscri\u00e7\u00e3o!","og_url":"https:\/\/groovedesign.eu\/landing-pages\/plano-de-negocio-imobiliario\/produto\/subscricao-anual\/","og_site_name":"Plano de Neg\u00f3cio Imobili\u00e1rio","article_modified_time":"2020-09-18T19:27:01+00:00","og_image":[{"width":478,"height":300,"url":"https:\/\/groovedesign.eu\/landing-pages\/plano-de-negocio-imobiliario\/wp-content\/uploads\/2019\/12\/giftcards-pn-imo.jpg","type":"image\/jpeg"}],"twitter_card":"summary_large_image","schema":{"@context":"https:\/\/schema.org","@graph":[{"@type":"WebSite","@id":"https:\/\/groovedesign.eu\/landing-pages\/plano-de-negocio-imobiliario\/#website","url":"https:\/\/groovedesign.eu\/landing-pages\/plano-de-negocio-imobiliario\/","name":"Plano de Neg\u00f3cio Imobili\u00e1rio","description":"Loja Online","potentialAction":[{"@type":"SearchAction","target":{"@type":"EntryPoint","urlTemplate":"https:\/\/groovedesign.eu\/landing-pages\/plano-de-negocio-imobiliario\/?s={search_term_string}"},"query-input":"required name=search_term_string"}],"inLanguage":"pt-PT"},{"@type":"ImageObject","inLanguage":"pt-PT","@id":"https:\/\/groovedesign.eu\/landing-pages\/plano-de-negocio-imobiliario\/produto\/subscricao-anual\/#primaryimage","url":"https:\/\/groovedesign.eu\/landing-pages\/plano-de-negocio-imobiliario\/wp-content\/uploads\/2019\/12\/giftcards-pn-imo.jpg","contentUrl":"https:\/\/groovedesign.eu\/landing-pages\/plano-de-negocio-imobiliario\/wp-content\/uploads\/2019\/12\/giftcards-pn-imo.jpg","width":478,"height":300},{"@type":"WebPage","@id":"https:\/\/groovedesign.eu\/landing-pages\/plano-de-negocio-imobiliario\/produto\/subscricao-anual\/#webpage","url":"https:\/\/groovedesign.eu\/landing-pages\/plano-de-negocio-imobiliario\/produto\/subscricao-anual\/","name":"Subscri\u00e7\u00e3o Anual - Plano de Neg\u00f3cio Imobili\u00e1rio","isPartOf":{"@id":"https:\/\/groovedesign.eu\/landing-pages\/plano-de-negocio-imobiliario\/#website"},"primaryImageOfPage":{"@id":"https:\/\/groovedesign.eu\/landing-pages\/plano-de-negocio-imobiliario\/produto\/subscricao-anual\/#primaryimage"},"datePublished":"2020-09-18T19:24:10+00:00","dateModified":"2020-09-18T19:27:01+00:00","breadcrumb":{"@id":"https:\/\/groovedesign.eu\/landing-pages\/plano-de-negocio-imobiliario\/produto\/subscricao-anual\/#breadcrumb"},"inLanguage":"pt-PT","potentialAction":[{"@type":"ReadAction","target":["https:\/\/groovedesign.eu\/landing-pages\/plano-de-negocio-imobiliario\/produto\/subscricao-anual\/"]}]},{"@type":"BreadcrumbList","@id":"https:\/\/groovedesign.eu\/landing-pages\/plano-de-negocio-imobiliario\/produto\/subscricao-anual\/#breadcrumb","itemListElement":[{"@type":"ListItem","position":1,"name":"In\u00edcio","item":"https:\/\/groovedesign.eu\/landing-pages\/plano-de-negocio-imobiliario\/"},{"@type":"ListItem","position":2,"name":"Downloads","item":"https:\/\/groovedesign.eu\/landing-pages\/plano-de-negocio-imobiliario\/downloads\/"},{"@type":"ListItem","position":3,"name":"Subscri\u00e7\u00e3o Anual"}]}]}},"_links":{"self":[{"href":"https:\/\/groovedesign.eu\/landing-pages\/plano-de-negocio-imobiliario\/wp-json\/wp\/v2\/product\/6720"}],"collection":[{"href":"https:\/\/groovedesign.eu\/landing-pages\/plano-de-negocio-imobiliario\/wp-json\/wp\/v2\/product"}],"about":[{"href":"https:\/\/groovedesign.eu\/landing-pages\/plano-de-negocio-imobiliario\/wp-json\/wp\/v2\/types\/product"}],"replies":[{"embeddable":true,"href":"https:\/\/groovedesign.eu\/landing-pages\/plano-de-negocio-imobiliario\/wp-json\/wp\/v2\/comments?post=6720"}],"wp:featuredmedia":[{"embeddable":true,"href":"https:\/\/groovedesign.eu\/landing-pages\/plano-de-negocio-imobiliario\/wp-json\/wp\/v2\/media\/4861"}],"wp:attachment":[{"href":"https:\/\/groovedesign.eu\/landing-pages\/plano-de-negocio-imobiliario\/wp-json\/wp\/v2\/media?parent=6720"}],"curies":[{"name":"wp","href":"https:\/\/api.w.org\/{rel}","templated":true}]}}