{"id":5047,"date":"2019-12-23T21:18:33","date_gmt":"2019-12-23T21:18:33","guid":{"rendered":"https:\/\/groovedesign.eu\/landing-pages\/plano-de-negocio-imobiliario\/?post_type=product&#038;p=5047"},"modified":"2019-12-23T21:18:33","modified_gmt":"2019-12-23T21:18:33","slug":"utilitario-de-rentabilidade-anual","status":"publish","type":"product","link":"https:\/\/groovedesign.eu\/landing-pages\/plano-de-negocio-imobiliario\/produto\/utilitario-de-rentabilidade-anual\/","title":{"rendered":"Utilit\u00e1rio de Rentabilidade Anual"},"content":{"rendered":"<p>Rentabilidade Anual de Investimento<\/p>\n","protected":false},"excerpt":{"rendered":"<p>Utilit\u00e1rio de c\u00e1lculo de rentabilidade anual de investimento imobili\u00e1rio<\/p>\n","protected":false},"featured_media":5048,"comment_status":"open","ping_status":"closed","template":"","meta":[],"yoast_head":"<!-- This site is optimized with the Yoast SEO plugin v19.0 - https:\/\/yoast.com\/wordpress\/plugins\/seo\/ -->\n<title>Utilit\u00e1rio de Rentabilidade Anual - Plano de Neg\u00f3cio Imobili\u00e1rio<\/title>\n<meta name=\"robots\" content=\"index, follow, max-snippet:-1, max-image-preview:large, max-video-preview:-1\" \/>\n<link rel=\"canonical\" href=\"https:\/\/groovedesign.eu\/landing-pages\/plano-de-negocio-imobiliario\/produto\/utilitario-de-rentabilidade-anual\/\" \/>\n<meta property=\"og:locale\" content=\"pt_PT\" \/>\n<meta property=\"og:type\" content=\"article\" \/>\n<meta property=\"og:title\" content=\"Utilit\u00e1rio de Rentabilidade Anual - Plano de Neg\u00f3cio Imobili\u00e1rio\" \/>\n<meta property=\"og:description\" content=\"Utilit\u00e1rio de c\u00e1lculo de rentabilidade anual de investimento imobili\u00e1rio\" \/>\n<meta property=\"og:url\" content=\"https:\/\/groovedesign.eu\/landing-pages\/plano-de-negocio-imobiliario\/produto\/utilitario-de-rentabilidade-anual\/\" \/>\n<meta property=\"og:site_name\" content=\"Plano de Neg\u00f3cio Imobili\u00e1rio\" \/>\n<meta property=\"og:image\" content=\"https:\/\/groovedesign.eu\/landing-pages\/plano-de-negocio-imobiliario\/wp-content\/uploads\/2019\/12\/utilitario-rentabilidade-anual.png\" \/>\n\t<meta property=\"og:image:width\" content=\"873\" \/>\n\t<meta property=\"og:image:height\" content=\"267\" \/>\n\t<meta property=\"og:image:type\" content=\"image\/png\" \/>\n<meta name=\"twitter:card\" content=\"summary_large_image\" \/>\n<script type=\"application\/ld+json\" class=\"yoast-schema-graph\">{\"@context\":\"https:\/\/schema.org\",\"@graph\":[{\"@type\":\"WebSite\",\"@id\":\"https:\/\/groovedesign.eu\/landing-pages\/plano-de-negocio-imobiliario\/#website\",\"url\":\"https:\/\/groovedesign.eu\/landing-pages\/plano-de-negocio-imobiliario\/\",\"name\":\"Plano de Neg\u00f3cio Imobili\u00e1rio\",\"description\":\"Loja Online\",\"potentialAction\":[{\"@type\":\"SearchAction\",\"target\":{\"@type\":\"EntryPoint\",\"urlTemplate\":\"https:\/\/groovedesign.eu\/landing-pages\/plano-de-negocio-imobiliario\/?s={search_term_string}\"},\"query-input\":\"required name=search_term_string\"}],\"inLanguage\":\"pt-PT\"},{\"@type\":\"ImageObject\",\"inLanguage\":\"pt-PT\",\"@id\":\"https:\/\/groovedesign.eu\/landing-pages\/plano-de-negocio-imobiliario\/produto\/utilitario-de-rentabilidade-anual\/#primaryimage\",\"url\":\"https:\/\/groovedesign.eu\/landing-pages\/plano-de-negocio-imobiliario\/wp-content\/uploads\/2019\/12\/utilitario-rentabilidade-anual.png\",\"contentUrl\":\"https:\/\/groovedesign.eu\/landing-pages\/plano-de-negocio-imobiliario\/wp-content\/uploads\/2019\/12\/utilitario-rentabilidade-anual.png\",\"width\":873,\"height\":267},{\"@type\":\"WebPage\",\"@id\":\"https:\/\/groovedesign.eu\/landing-pages\/plano-de-negocio-imobiliario\/produto\/utilitario-de-rentabilidade-anual\/#webpage\",\"url\":\"https:\/\/groovedesign.eu\/landing-pages\/plano-de-negocio-imobiliario\/produto\/utilitario-de-rentabilidade-anual\/\",\"name\":\"Utilit\u00e1rio de Rentabilidade Anual - Plano de Neg\u00f3cio Imobili\u00e1rio\",\"isPartOf\":{\"@id\":\"https:\/\/groovedesign.eu\/landing-pages\/plano-de-negocio-imobiliario\/#website\"},\"primaryImageOfPage\":{\"@id\":\"https:\/\/groovedesign.eu\/landing-pages\/plano-de-negocio-imobiliario\/produto\/utilitario-de-rentabilidade-anual\/#primaryimage\"},\"datePublished\":\"2019-12-23T21:18:33+00:00\",\"dateModified\":\"2019-12-23T21:18:33+00:00\",\"breadcrumb\":{\"@id\":\"https:\/\/groovedesign.eu\/landing-pages\/plano-de-negocio-imobiliario\/produto\/utilitario-de-rentabilidade-anual\/#breadcrumb\"},\"inLanguage\":\"pt-PT\",\"potentialAction\":[{\"@type\":\"ReadAction\",\"target\":[\"https:\/\/groovedesign.eu\/landing-pages\/plano-de-negocio-imobiliario\/produto\/utilitario-de-rentabilidade-anual\/\"]}]},{\"@type\":\"BreadcrumbList\",\"@id\":\"https:\/\/groovedesign.eu\/landing-pages\/plano-de-negocio-imobiliario\/produto\/utilitario-de-rentabilidade-anual\/#breadcrumb\",\"itemListElement\":[{\"@type\":\"ListItem\",\"position\":1,\"name\":\"In\u00edcio\",\"item\":\"https:\/\/groovedesign.eu\/landing-pages\/plano-de-negocio-imobiliario\/\"},{\"@type\":\"ListItem\",\"position\":2,\"name\":\"Downloads\",\"item\":\"https:\/\/groovedesign.eu\/landing-pages\/plano-de-negocio-imobiliario\/downloads\/\"},{\"@type\":\"ListItem\",\"position\":3,\"name\":\"Utilit\u00e1rio de Rentabilidade Anual\"}]}]}<\/script>\n<!-- \/ Yoast SEO plugin. -->","yoast_head_json":{"title":"Utilit\u00e1rio de Rentabilidade Anual - Plano de Neg\u00f3cio Imobili\u00e1rio","robots":{"index":"index","follow":"follow","max-snippet":"max-snippet:-1","max-image-preview":"max-image-preview:large","max-video-preview":"max-video-preview:-1"},"canonical":"https:\/\/groovedesign.eu\/landing-pages\/plano-de-negocio-imobiliario\/produto\/utilitario-de-rentabilidade-anual\/","og_locale":"pt_PT","og_type":"article","og_title":"Utilit\u00e1rio de Rentabilidade Anual - Plano de Neg\u00f3cio Imobili\u00e1rio","og_description":"Utilit\u00e1rio de c\u00e1lculo de rentabilidade anual de investimento imobili\u00e1rio","og_url":"https:\/\/groovedesign.eu\/landing-pages\/plano-de-negocio-imobiliario\/produto\/utilitario-de-rentabilidade-anual\/","og_site_name":"Plano de Neg\u00f3cio Imobili\u00e1rio","og_image":[{"width":873,"height":267,"url":"https:\/\/groovedesign.eu\/landing-pages\/plano-de-negocio-imobiliario\/wp-content\/uploads\/2019\/12\/utilitario-rentabilidade-anual.png","type":"image\/png"}],"twitter_card":"summary_large_image","schema":{"@context":"https:\/\/schema.org","@graph":[{"@type":"WebSite","@id":"https:\/\/groovedesign.eu\/landing-pages\/plano-de-negocio-imobiliario\/#website","url":"https:\/\/groovedesign.eu\/landing-pages\/plano-de-negocio-imobiliario\/","name":"Plano de Neg\u00f3cio Imobili\u00e1rio","description":"Loja Online","potentialAction":[{"@type":"SearchAction","target":{"@type":"EntryPoint","urlTemplate":"https:\/\/groovedesign.eu\/landing-pages\/plano-de-negocio-imobiliario\/?s={search_term_string}"},"query-input":"required name=search_term_string"}],"inLanguage":"pt-PT"},{"@type":"ImageObject","inLanguage":"pt-PT","@id":"https:\/\/groovedesign.eu\/landing-pages\/plano-de-negocio-imobiliario\/produto\/utilitario-de-rentabilidade-anual\/#primaryimage","url":"https:\/\/groovedesign.eu\/landing-pages\/plano-de-negocio-imobiliario\/wp-content\/uploads\/2019\/12\/utilitario-rentabilidade-anual.png","contentUrl":"https:\/\/groovedesign.eu\/landing-pages\/plano-de-negocio-imobiliario\/wp-content\/uploads\/2019\/12\/utilitario-rentabilidade-anual.png","width":873,"height":267},{"@type":"WebPage","@id":"https:\/\/groovedesign.eu\/landing-pages\/plano-de-negocio-imobiliario\/produto\/utilitario-de-rentabilidade-anual\/#webpage","url":"https:\/\/groovedesign.eu\/landing-pages\/plano-de-negocio-imobiliario\/produto\/utilitario-de-rentabilidade-anual\/","name":"Utilit\u00e1rio de Rentabilidade Anual - Plano de Neg\u00f3cio Imobili\u00e1rio","isPartOf":{"@id":"https:\/\/groovedesign.eu\/landing-pages\/plano-de-negocio-imobiliario\/#website"},"primaryImageOfPage":{"@id":"https:\/\/groovedesign.eu\/landing-pages\/plano-de-negocio-imobiliario\/produto\/utilitario-de-rentabilidade-anual\/#primaryimage"},"datePublished":"2019-12-23T21:18:33+00:00","dateModified":"2019-12-23T21:18:33+00:00","breadcrumb":{"@id":"https:\/\/groovedesign.eu\/landing-pages\/plano-de-negocio-imobiliario\/produto\/utilitario-de-rentabilidade-anual\/#breadcrumb"},"inLanguage":"pt-PT","potentialAction":[{"@type":"ReadAction","target":["https:\/\/groovedesign.eu\/landing-pages\/plano-de-negocio-imobiliario\/produto\/utilitario-de-rentabilidade-anual\/"]}]},{"@type":"BreadcrumbList","@id":"https:\/\/groovedesign.eu\/landing-pages\/plano-de-negocio-imobiliario\/produto\/utilitario-de-rentabilidade-anual\/#breadcrumb","itemListElement":[{"@type":"ListItem","position":1,"name":"In\u00edcio","item":"https:\/\/groovedesign.eu\/landing-pages\/plano-de-negocio-imobiliario\/"},{"@type":"ListItem","position":2,"name":"Downloads","item":"https:\/\/groovedesign.eu\/landing-pages\/plano-de-negocio-imobiliario\/downloads\/"},{"@type":"ListItem","position":3,"name":"Utilit\u00e1rio de Rentabilidade Anual"}]}]}},"_links":{"self":[{"href":"https:\/\/groovedesign.eu\/landing-pages\/plano-de-negocio-imobiliario\/wp-json\/wp\/v2\/product\/5047"}],"collection":[{"href":"https:\/\/groovedesign.eu\/landing-pages\/plano-de-negocio-imobiliario\/wp-json\/wp\/v2\/product"}],"about":[{"href":"https:\/\/groovedesign.eu\/landing-pages\/plano-de-negocio-imobiliario\/wp-json\/wp\/v2\/types\/product"}],"replies":[{"embeddable":true,"href":"https:\/\/groovedesign.eu\/landing-pages\/plano-de-negocio-imobiliario\/wp-json\/wp\/v2\/comments?post=5047"}],"wp:featuredmedia":[{"embeddable":true,"href":"https:\/\/groovedesign.eu\/landing-pages\/plano-de-negocio-imobiliario\/wp-json\/wp\/v2\/media\/5048"}],"wp:attachment":[{"href":"https:\/\/groovedesign.eu\/landing-pages\/plano-de-negocio-imobiliario\/wp-json\/wp\/v2\/media?parent=5047"}],"curies":[{"name":"wp","href":"https:\/\/api.w.org\/{rel}","templated":true}]}}