{"id":4770,"date":"2019-12-15T18:00:31","date_gmt":"2019-12-15T18:00:31","guid":{"rendered":"https:\/\/groovedesign.eu\/landing-pages\/plano-de-negocio-imobiliario\/?post_type=product&#038;p=4770"},"modified":"2019-12-15T18:00:32","modified_gmt":"2019-12-15T18:00:32","slug":"estudo-comparativo-de-mercado","status":"publish","type":"product","link":"https:\/\/groovedesign.eu\/landing-pages\/plano-de-negocio-imobiliario\/produto\/estudo-comparativo-de-mercado\/","title":{"rendered":"Estudo Comparativo de Mercado"},"content":{"rendered":"<p>Facilita ainda a apresenta\u00e7\u00e3o e visualiza\u00e7\u00e3o dos pre\u00e7os de im\u00f3veis vendidos relativamente ao pre\u00e7o que o cliente pretende vender o seu im\u00f3vel. \u00c9 sem d\u00favida uma ferramenta bastante intuitiva!<\/p>\n<h4>Funcionalidades em Destaque:<\/h4>\n<ul>\n<li>Obten\u00e7\u00e3o de pre\u00e7o\/m2<\/li>\n<li>Comparativo p\/m2 vendidos vs Pre\u00e7o do vendedor<\/li>\n<li>Visualiza\u00e7\u00e3o intuitiva<\/li>\n<li>Simples de utilizar<\/li>\n<\/ul>\n<div class=\"alert alert-success\"><strong>Utilize este documento para criar Estudos de Mercado apelativos e modernos!<\/strong><\/div>\n","protected":false},"excerpt":{"rendered":"<p><strong>O Estudo Comparativo de Mercado visa apurar o pre\u00e7o de mercado do metro quadrado de uma dada regi\u00e3o ou local.<\/strong><\/p>\n","protected":false},"featured_media":4773,"comment_status":"open","ping_status":"closed","template":"","meta":[],"yoast_head":"<!-- This site is optimized with the Yoast SEO plugin v19.0 - https:\/\/yoast.com\/wordpress\/plugins\/seo\/ -->\n<title>Estudo Comparativo de Mercado - Plano de Neg\u00f3cio Imobili\u00e1rio<\/title>\n<meta name=\"robots\" content=\"index, follow, max-snippet:-1, max-image-preview:large, max-video-preview:-1\" \/>\n<link rel=\"canonical\" href=\"https:\/\/groovedesign.eu\/landing-pages\/plano-de-negocio-imobiliario\/produto\/estudo-comparativo-de-mercado\/\" \/>\n<meta property=\"og:locale\" content=\"pt_PT\" \/>\n<meta property=\"og:type\" content=\"article\" \/>\n<meta property=\"og:title\" content=\"Estudo Comparativo de Mercado - Plano de Neg\u00f3cio Imobili\u00e1rio\" \/>\n<meta property=\"og:description\" content=\"O Estudo Comparativo de Mercado visa apurar o pre\u00e7o de mercado do metro quadrado de uma dada regi\u00e3o ou local.\" \/>\n<meta property=\"og:url\" content=\"https:\/\/groovedesign.eu\/landing-pages\/plano-de-negocio-imobiliario\/produto\/estudo-comparativo-de-mercado\/\" \/>\n<meta property=\"og:site_name\" content=\"Plano de Neg\u00f3cio Imobili\u00e1rio\" \/>\n<meta property=\"article:modified_time\" content=\"2019-12-15T18:00:32+00:00\" \/>\n<meta property=\"og:image\" content=\"https:\/\/groovedesign.eu\/landing-pages\/plano-de-negocio-imobiliario\/wp-content\/uploads\/2019\/12\/estudo-comparativo-de-mercado.png\" \/>\n\t<meta property=\"og:image:width\" content=\"1376\" \/>\n\t<meta property=\"og:image:height\" content=\"695\" \/>\n\t<meta property=\"og:image:type\" content=\"image\/png\" \/>\n<meta name=\"twitter:card\" content=\"summary_large_image\" \/>\n<script type=\"application\/ld+json\" class=\"yoast-schema-graph\">{\"@context\":\"https:\/\/schema.org\",\"@graph\":[{\"@type\":\"WebSite\",\"@id\":\"https:\/\/groovedesign.eu\/landing-pages\/plano-de-negocio-imobiliario\/#website\",\"url\":\"https:\/\/groovedesign.eu\/landing-pages\/plano-de-negocio-imobiliario\/\",\"name\":\"Plano de Neg\u00f3cio Imobili\u00e1rio\",\"description\":\"Loja Online\",\"potentialAction\":[{\"@type\":\"SearchAction\",\"target\":{\"@type\":\"EntryPoint\",\"urlTemplate\":\"https:\/\/groovedesign.eu\/landing-pages\/plano-de-negocio-imobiliario\/?s={search_term_string}\"},\"query-input\":\"required name=search_term_string\"}],\"inLanguage\":\"pt-PT\"},{\"@type\":\"ImageObject\",\"inLanguage\":\"pt-PT\",\"@id\":\"https:\/\/groovedesign.eu\/landing-pages\/plano-de-negocio-imobiliario\/produto\/estudo-comparativo-de-mercado\/#primaryimage\",\"url\":\"https:\/\/groovedesign.eu\/landing-pages\/plano-de-negocio-imobiliario\/wp-content\/uploads\/2019\/12\/estudo-comparativo-de-mercado.png\",\"contentUrl\":\"https:\/\/groovedesign.eu\/landing-pages\/plano-de-negocio-imobiliario\/wp-content\/uploads\/2019\/12\/estudo-comparativo-de-mercado.png\",\"width\":1376,\"height\":695},{\"@type\":\"WebPage\",\"@id\":\"https:\/\/groovedesign.eu\/landing-pages\/plano-de-negocio-imobiliario\/produto\/estudo-comparativo-de-mercado\/#webpage\",\"url\":\"https:\/\/groovedesign.eu\/landing-pages\/plano-de-negocio-imobiliario\/produto\/estudo-comparativo-de-mercado\/\",\"name\":\"Estudo Comparativo de Mercado - Plano de Neg\u00f3cio Imobili\u00e1rio\",\"isPartOf\":{\"@id\":\"https:\/\/groovedesign.eu\/landing-pages\/plano-de-negocio-imobiliario\/#website\"},\"primaryImageOfPage\":{\"@id\":\"https:\/\/groovedesign.eu\/landing-pages\/plano-de-negocio-imobiliario\/produto\/estudo-comparativo-de-mercado\/#primaryimage\"},\"datePublished\":\"2019-12-15T18:00:31+00:00\",\"dateModified\":\"2019-12-15T18:00:32+00:00\",\"breadcrumb\":{\"@id\":\"https:\/\/groovedesign.eu\/landing-pages\/plano-de-negocio-imobiliario\/produto\/estudo-comparativo-de-mercado\/#breadcrumb\"},\"inLanguage\":\"pt-PT\",\"potentialAction\":[{\"@type\":\"ReadAction\",\"target\":[\"https:\/\/groovedesign.eu\/landing-pages\/plano-de-negocio-imobiliario\/produto\/estudo-comparativo-de-mercado\/\"]}]},{\"@type\":\"BreadcrumbList\",\"@id\":\"https:\/\/groovedesign.eu\/landing-pages\/plano-de-negocio-imobiliario\/produto\/estudo-comparativo-de-mercado\/#breadcrumb\",\"itemListElement\":[{\"@type\":\"ListItem\",\"position\":1,\"name\":\"In\u00edcio\",\"item\":\"https:\/\/groovedesign.eu\/landing-pages\/plano-de-negocio-imobiliario\/\"},{\"@type\":\"ListItem\",\"position\":2,\"name\":\"Downloads\",\"item\":\"https:\/\/groovedesign.eu\/landing-pages\/plano-de-negocio-imobiliario\/downloads\/\"},{\"@type\":\"ListItem\",\"position\":3,\"name\":\"Estudo Comparativo de Mercado\"}]}]}<\/script>\n<!-- \/ Yoast SEO plugin. -->","yoast_head_json":{"title":"Estudo Comparativo de Mercado - Plano de Neg\u00f3cio Imobili\u00e1rio","robots":{"index":"index","follow":"follow","max-snippet":"max-snippet:-1","max-image-preview":"max-image-preview:large","max-video-preview":"max-video-preview:-1"},"canonical":"https:\/\/groovedesign.eu\/landing-pages\/plano-de-negocio-imobiliario\/produto\/estudo-comparativo-de-mercado\/","og_locale":"pt_PT","og_type":"article","og_title":"Estudo Comparativo de Mercado - Plano de Neg\u00f3cio Imobili\u00e1rio","og_description":"O Estudo Comparativo de Mercado visa apurar o pre\u00e7o de mercado do metro quadrado de uma dada regi\u00e3o ou local.","og_url":"https:\/\/groovedesign.eu\/landing-pages\/plano-de-negocio-imobiliario\/produto\/estudo-comparativo-de-mercado\/","og_site_name":"Plano de Neg\u00f3cio Imobili\u00e1rio","article_modified_time":"2019-12-15T18:00:32+00:00","og_image":[{"width":1376,"height":695,"url":"https:\/\/groovedesign.eu\/landing-pages\/plano-de-negocio-imobiliario\/wp-content\/uploads\/2019\/12\/estudo-comparativo-de-mercado.png","type":"image\/png"}],"twitter_card":"summary_large_image","schema":{"@context":"https:\/\/schema.org","@graph":[{"@type":"WebSite","@id":"https:\/\/groovedesign.eu\/landing-pages\/plano-de-negocio-imobiliario\/#website","url":"https:\/\/groovedesign.eu\/landing-pages\/plano-de-negocio-imobiliario\/","name":"Plano de Neg\u00f3cio Imobili\u00e1rio","description":"Loja Online","potentialAction":[{"@type":"SearchAction","target":{"@type":"EntryPoint","urlTemplate":"https:\/\/groovedesign.eu\/landing-pages\/plano-de-negocio-imobiliario\/?s={search_term_string}"},"query-input":"required name=search_term_string"}],"inLanguage":"pt-PT"},{"@type":"ImageObject","inLanguage":"pt-PT","@id":"https:\/\/groovedesign.eu\/landing-pages\/plano-de-negocio-imobiliario\/produto\/estudo-comparativo-de-mercado\/#primaryimage","url":"https:\/\/groovedesign.eu\/landing-pages\/plano-de-negocio-imobiliario\/wp-content\/uploads\/2019\/12\/estudo-comparativo-de-mercado.png","contentUrl":"https:\/\/groovedesign.eu\/landing-pages\/plano-de-negocio-imobiliario\/wp-content\/uploads\/2019\/12\/estudo-comparativo-de-mercado.png","width":1376,"height":695},{"@type":"WebPage","@id":"https:\/\/groovedesign.eu\/landing-pages\/plano-de-negocio-imobiliario\/produto\/estudo-comparativo-de-mercado\/#webpage","url":"https:\/\/groovedesign.eu\/landing-pages\/plano-de-negocio-imobiliario\/produto\/estudo-comparativo-de-mercado\/","name":"Estudo Comparativo de Mercado - Plano de Neg\u00f3cio Imobili\u00e1rio","isPartOf":{"@id":"https:\/\/groovedesign.eu\/landing-pages\/plano-de-negocio-imobiliario\/#website"},"primaryImageOfPage":{"@id":"https:\/\/groovedesign.eu\/landing-pages\/plano-de-negocio-imobiliario\/produto\/estudo-comparativo-de-mercado\/#primaryimage"},"datePublished":"2019-12-15T18:00:31+00:00","dateModified":"2019-12-15T18:00:32+00:00","breadcrumb":{"@id":"https:\/\/groovedesign.eu\/landing-pages\/plano-de-negocio-imobiliario\/produto\/estudo-comparativo-de-mercado\/#breadcrumb"},"inLanguage":"pt-PT","potentialAction":[{"@type":"ReadAction","target":["https:\/\/groovedesign.eu\/landing-pages\/plano-de-negocio-imobiliario\/produto\/estudo-comparativo-de-mercado\/"]}]},{"@type":"BreadcrumbList","@id":"https:\/\/groovedesign.eu\/landing-pages\/plano-de-negocio-imobiliario\/produto\/estudo-comparativo-de-mercado\/#breadcrumb","itemListElement":[{"@type":"ListItem","position":1,"name":"In\u00edcio","item":"https:\/\/groovedesign.eu\/landing-pages\/plano-de-negocio-imobiliario\/"},{"@type":"ListItem","position":2,"name":"Downloads","item":"https:\/\/groovedesign.eu\/landing-pages\/plano-de-negocio-imobiliario\/downloads\/"},{"@type":"ListItem","position":3,"name":"Estudo Comparativo de Mercado"}]}]}},"_links":{"self":[{"href":"https:\/\/groovedesign.eu\/landing-pages\/plano-de-negocio-imobiliario\/wp-json\/wp\/v2\/product\/4770"}],"collection":[{"href":"https:\/\/groovedesign.eu\/landing-pages\/plano-de-negocio-imobiliario\/wp-json\/wp\/v2\/product"}],"about":[{"href":"https:\/\/groovedesign.eu\/landing-pages\/plano-de-negocio-imobiliario\/wp-json\/wp\/v2\/types\/product"}],"replies":[{"embeddable":true,"href":"https:\/\/groovedesign.eu\/landing-pages\/plano-de-negocio-imobiliario\/wp-json\/wp\/v2\/comments?post=4770"}],"wp:featuredmedia":[{"embeddable":true,"href":"https:\/\/groovedesign.eu\/landing-pages\/plano-de-negocio-imobiliario\/wp-json\/wp\/v2\/media\/4773"}],"wp:attachment":[{"href":"https:\/\/groovedesign.eu\/landing-pages\/plano-de-negocio-imobiliario\/wp-json\/wp\/v2\/media?parent=4770"}],"curies":[{"name":"wp","href":"https:\/\/api.w.org\/{rel}","templated":true}]}}