{"id":4654,"date":"2019-12-15T02:03:44","date_gmt":"2019-12-15T02:03:44","guid":{"rendered":"https:\/\/groovedesign.eu\/landing-pages\/plano-de-negocio-imobiliario\/?post_type=product&#038;p=4654"},"modified":"2019-12-16T00:44:34","modified_gmt":"2019-12-16T00:44:34","slug":"simulador-financeiro-imobiliario","status":"publish","type":"product","link":"https:\/\/groovedesign.eu\/landing-pages\/plano-de-negocio-imobiliario\/produto\/simulador-financeiro-imobiliario\/","title":{"rendered":"Simulador Financeiro Imobili\u00e1rio"},"content":{"rendered":"<p><span>Nas c\u00e9lulas verdes, tem de introduzir os valores que pretende simular. As c\u00e9lulas vermelhas s\u00e3o calculadas automaticamente. Aconselhamos guardar um backup do documento sempre que pretende efetuar uma simula\u00e7\u00e3o. N\u00e3o deve anular ou modificar valores nas c\u00e9lulas vermelhas pois esses valores n\u00e3o ser\u00e3o mais atualizados automaticamente!<\/span><\/p>\n","protected":false},"excerpt":{"rendered":"<p><strong>Ideal para agentes e brokers! Serve para rapidamente efetuar uma qualifica\u00e7\u00e3o financeira!<\/strong><\/p>\n","protected":false},"featured_media":4656,"comment_status":"open","ping_status":"closed","template":"","meta":[],"yoast_head":"<!-- This site is optimized with the Yoast SEO plugin v19.0 - https:\/\/yoast.com\/wordpress\/plugins\/seo\/ -->\n<title>Simulador Financeiro Imobili\u00e1rio - Plano de Neg\u00f3cio Imobili\u00e1rio<\/title>\n<meta name=\"robots\" content=\"index, follow, max-snippet:-1, max-image-preview:large, max-video-preview:-1\" \/>\n<link rel=\"canonical\" href=\"https:\/\/groovedesign.eu\/landing-pages\/plano-de-negocio-imobiliario\/produto\/simulador-financeiro-imobiliario\/\" \/>\n<meta property=\"og:locale\" content=\"pt_PT\" \/>\n<meta property=\"og:type\" content=\"article\" \/>\n<meta property=\"og:title\" content=\"Simulador Financeiro Imobili\u00e1rio - Plano de Neg\u00f3cio Imobili\u00e1rio\" \/>\n<meta property=\"og:description\" content=\"Ideal para agentes e brokers! Serve para rapidamente efetuar uma qualifica\u00e7\u00e3o financeira!\" \/>\n<meta property=\"og:url\" content=\"https:\/\/groovedesign.eu\/landing-pages\/plano-de-negocio-imobiliario\/produto\/simulador-financeiro-imobiliario\/\" \/>\n<meta property=\"og:site_name\" content=\"Plano de Neg\u00f3cio Imobili\u00e1rio\" \/>\n<meta property=\"article:modified_time\" content=\"2019-12-16T00:44:34+00:00\" \/>\n<meta property=\"og:image\" content=\"https:\/\/groovedesign.eu\/landing-pages\/plano-de-negocio-imobiliario\/wp-content\/uploads\/2019\/12\/8.jpg\" \/>\n\t<meta property=\"og:image:width\" content=\"960\" \/>\n\t<meta property=\"og:image:height\" content=\"585\" \/>\n\t<meta property=\"og:image:type\" content=\"image\/jpeg\" \/>\n<meta name=\"twitter:card\" content=\"summary_large_image\" \/>\n<script type=\"application\/ld+json\" class=\"yoast-schema-graph\">{\"@context\":\"https:\/\/schema.org\",\"@graph\":[{\"@type\":\"WebSite\",\"@id\":\"https:\/\/groovedesign.eu\/landing-pages\/plano-de-negocio-imobiliario\/#website\",\"url\":\"https:\/\/groovedesign.eu\/landing-pages\/plano-de-negocio-imobiliario\/\",\"name\":\"Plano de Neg\u00f3cio Imobili\u00e1rio\",\"description\":\"Loja Online\",\"potentialAction\":[{\"@type\":\"SearchAction\",\"target\":{\"@type\":\"EntryPoint\",\"urlTemplate\":\"https:\/\/groovedesign.eu\/landing-pages\/plano-de-negocio-imobiliario\/?s={search_term_string}\"},\"query-input\":\"required name=search_term_string\"}],\"inLanguage\":\"pt-PT\"},{\"@type\":\"ImageObject\",\"inLanguage\":\"pt-PT\",\"@id\":\"https:\/\/groovedesign.eu\/landing-pages\/plano-de-negocio-imobiliario\/produto\/simulador-financeiro-imobiliario\/#primaryimage\",\"url\":\"https:\/\/groovedesign.eu\/landing-pages\/plano-de-negocio-imobiliario\/wp-content\/uploads\/2019\/12\/8.jpg\",\"contentUrl\":\"https:\/\/groovedesign.eu\/landing-pages\/plano-de-negocio-imobiliario\/wp-content\/uploads\/2019\/12\/8.jpg\",\"width\":960,\"height\":585},{\"@type\":\"WebPage\",\"@id\":\"https:\/\/groovedesign.eu\/landing-pages\/plano-de-negocio-imobiliario\/produto\/simulador-financeiro-imobiliario\/#webpage\",\"url\":\"https:\/\/groovedesign.eu\/landing-pages\/plano-de-negocio-imobiliario\/produto\/simulador-financeiro-imobiliario\/\",\"name\":\"Simulador Financeiro Imobili\u00e1rio - Plano de Neg\u00f3cio Imobili\u00e1rio\",\"isPartOf\":{\"@id\":\"https:\/\/groovedesign.eu\/landing-pages\/plano-de-negocio-imobiliario\/#website\"},\"primaryImageOfPage\":{\"@id\":\"https:\/\/groovedesign.eu\/landing-pages\/plano-de-negocio-imobiliario\/produto\/simulador-financeiro-imobiliario\/#primaryimage\"},\"datePublished\":\"2019-12-15T02:03:44+00:00\",\"dateModified\":\"2019-12-16T00:44:34+00:00\",\"breadcrumb\":{\"@id\":\"https:\/\/groovedesign.eu\/landing-pages\/plano-de-negocio-imobiliario\/produto\/simulador-financeiro-imobiliario\/#breadcrumb\"},\"inLanguage\":\"pt-PT\",\"potentialAction\":[{\"@type\":\"ReadAction\",\"target\":[\"https:\/\/groovedesign.eu\/landing-pages\/plano-de-negocio-imobiliario\/produto\/simulador-financeiro-imobiliario\/\"]}]},{\"@type\":\"BreadcrumbList\",\"@id\":\"https:\/\/groovedesign.eu\/landing-pages\/plano-de-negocio-imobiliario\/produto\/simulador-financeiro-imobiliario\/#breadcrumb\",\"itemListElement\":[{\"@type\":\"ListItem\",\"position\":1,\"name\":\"In\u00edcio\",\"item\":\"https:\/\/groovedesign.eu\/landing-pages\/plano-de-negocio-imobiliario\/\"},{\"@type\":\"ListItem\",\"position\":2,\"name\":\"Downloads\",\"item\":\"https:\/\/groovedesign.eu\/landing-pages\/plano-de-negocio-imobiliario\/downloads\/\"},{\"@type\":\"ListItem\",\"position\":3,\"name\":\"Simulador Financeiro Imobili\u00e1rio\"}]}]}<\/script>\n<!-- \/ Yoast SEO plugin. -->","yoast_head_json":{"title":"Simulador Financeiro Imobili\u00e1rio - Plano de Neg\u00f3cio Imobili\u00e1rio","robots":{"index":"index","follow":"follow","max-snippet":"max-snippet:-1","max-image-preview":"max-image-preview:large","max-video-preview":"max-video-preview:-1"},"canonical":"https:\/\/groovedesign.eu\/landing-pages\/plano-de-negocio-imobiliario\/produto\/simulador-financeiro-imobiliario\/","og_locale":"pt_PT","og_type":"article","og_title":"Simulador Financeiro Imobili\u00e1rio - Plano de Neg\u00f3cio Imobili\u00e1rio","og_description":"Ideal para agentes e brokers! Serve para rapidamente efetuar uma qualifica\u00e7\u00e3o financeira!","og_url":"https:\/\/groovedesign.eu\/landing-pages\/plano-de-negocio-imobiliario\/produto\/simulador-financeiro-imobiliario\/","og_site_name":"Plano de Neg\u00f3cio Imobili\u00e1rio","article_modified_time":"2019-12-16T00:44:34+00:00","og_image":[{"width":960,"height":585,"url":"https:\/\/groovedesign.eu\/landing-pages\/plano-de-negocio-imobiliario\/wp-content\/uploads\/2019\/12\/8.jpg","type":"image\/jpeg"}],"twitter_card":"summary_large_image","schema":{"@context":"https:\/\/schema.org","@graph":[{"@type":"WebSite","@id":"https:\/\/groovedesign.eu\/landing-pages\/plano-de-negocio-imobiliario\/#website","url":"https:\/\/groovedesign.eu\/landing-pages\/plano-de-negocio-imobiliario\/","name":"Plano de Neg\u00f3cio Imobili\u00e1rio","description":"Loja Online","potentialAction":[{"@type":"SearchAction","target":{"@type":"EntryPoint","urlTemplate":"https:\/\/groovedesign.eu\/landing-pages\/plano-de-negocio-imobiliario\/?s={search_term_string}"},"query-input":"required name=search_term_string"}],"inLanguage":"pt-PT"},{"@type":"ImageObject","inLanguage":"pt-PT","@id":"https:\/\/groovedesign.eu\/landing-pages\/plano-de-negocio-imobiliario\/produto\/simulador-financeiro-imobiliario\/#primaryimage","url":"https:\/\/groovedesign.eu\/landing-pages\/plano-de-negocio-imobiliario\/wp-content\/uploads\/2019\/12\/8.jpg","contentUrl":"https:\/\/groovedesign.eu\/landing-pages\/plano-de-negocio-imobiliario\/wp-content\/uploads\/2019\/12\/8.jpg","width":960,"height":585},{"@type":"WebPage","@id":"https:\/\/groovedesign.eu\/landing-pages\/plano-de-negocio-imobiliario\/produto\/simulador-financeiro-imobiliario\/#webpage","url":"https:\/\/groovedesign.eu\/landing-pages\/plano-de-negocio-imobiliario\/produto\/simulador-financeiro-imobiliario\/","name":"Simulador Financeiro Imobili\u00e1rio - Plano de Neg\u00f3cio Imobili\u00e1rio","isPartOf":{"@id":"https:\/\/groovedesign.eu\/landing-pages\/plano-de-negocio-imobiliario\/#website"},"primaryImageOfPage":{"@id":"https:\/\/groovedesign.eu\/landing-pages\/plano-de-negocio-imobiliario\/produto\/simulador-financeiro-imobiliario\/#primaryimage"},"datePublished":"2019-12-15T02:03:44+00:00","dateModified":"2019-12-16T00:44:34+00:00","breadcrumb":{"@id":"https:\/\/groovedesign.eu\/landing-pages\/plano-de-negocio-imobiliario\/produto\/simulador-financeiro-imobiliario\/#breadcrumb"},"inLanguage":"pt-PT","potentialAction":[{"@type":"ReadAction","target":["https:\/\/groovedesign.eu\/landing-pages\/plano-de-negocio-imobiliario\/produto\/simulador-financeiro-imobiliario\/"]}]},{"@type":"BreadcrumbList","@id":"https:\/\/groovedesign.eu\/landing-pages\/plano-de-negocio-imobiliario\/produto\/simulador-financeiro-imobiliario\/#breadcrumb","itemListElement":[{"@type":"ListItem","position":1,"name":"In\u00edcio","item":"https:\/\/groovedesign.eu\/landing-pages\/plano-de-negocio-imobiliario\/"},{"@type":"ListItem","position":2,"name":"Downloads","item":"https:\/\/groovedesign.eu\/landing-pages\/plano-de-negocio-imobiliario\/downloads\/"},{"@type":"ListItem","position":3,"name":"Simulador Financeiro Imobili\u00e1rio"}]}]}},"_links":{"self":[{"href":"https:\/\/groovedesign.eu\/landing-pages\/plano-de-negocio-imobiliario\/wp-json\/wp\/v2\/product\/4654"}],"collection":[{"href":"https:\/\/groovedesign.eu\/landing-pages\/plano-de-negocio-imobiliario\/wp-json\/wp\/v2\/product"}],"about":[{"href":"https:\/\/groovedesign.eu\/landing-pages\/plano-de-negocio-imobiliario\/wp-json\/wp\/v2\/types\/product"}],"replies":[{"embeddable":true,"href":"https:\/\/groovedesign.eu\/landing-pages\/plano-de-negocio-imobiliario\/wp-json\/wp\/v2\/comments?post=4654"}],"wp:featuredmedia":[{"embeddable":true,"href":"https:\/\/groovedesign.eu\/landing-pages\/plano-de-negocio-imobiliario\/wp-json\/wp\/v2\/media\/4656"}],"wp:attachment":[{"href":"https:\/\/groovedesign.eu\/landing-pages\/plano-de-negocio-imobiliario\/wp-json\/wp\/v2\/media?parent=4654"}],"curies":[{"name":"wp","href":"https:\/\/api.w.org\/{rel}","templated":true}]}}