{"id":4586,"date":"2019-12-15T00:10:13","date_gmt":"2019-12-15T00:10:13","guid":{"rendered":"https:\/\/groovedesign.eu\/landing-pages\/plano-de-negocio-imobiliario\/?post_type=product&#038;p=4586"},"modified":"2019-12-16T02:58:14","modified_gmt":"2019-12-16T02:58:14","slug":"the-business-model","status":"publish","type":"product","link":"https:\/\/groovedesign.eu\/landing-pages\/plano-de-negocio-imobiliario\/produto\/the-business-model\/","title":{"rendered":"The Business Model"},"content":{"rendered":"","protected":false},"excerpt":{"rendered":"<p>Defina os pontos fortes e dire\u00e7\u00e3o do sua startup!<\/p>\n","protected":false},"featured_media":4588,"comment_status":"open","ping_status":"closed","template":"","meta":[],"yoast_head":"<!-- This site is optimized with the Yoast SEO plugin v19.0 - https:\/\/yoast.com\/wordpress\/plugins\/seo\/ -->\n<title>The Business Model - Plano de Neg\u00f3cio Imobili\u00e1rio<\/title>\n<meta name=\"robots\" content=\"index, follow, max-snippet:-1, max-image-preview:large, max-video-preview:-1\" \/>\n<link rel=\"canonical\" href=\"https:\/\/groovedesign.eu\/landing-pages\/plano-de-negocio-imobiliario\/produto\/the-business-model\/\" \/>\n<meta property=\"og:locale\" content=\"pt_PT\" \/>\n<meta property=\"og:type\" content=\"article\" \/>\n<meta property=\"og:title\" content=\"The Business Model - Plano de Neg\u00f3cio Imobili\u00e1rio\" \/>\n<meta property=\"og:description\" content=\"Defina os pontos fortes e dire\u00e7\u00e3o do sua startup!\" \/>\n<meta property=\"og:url\" content=\"https:\/\/groovedesign.eu\/landing-pages\/plano-de-negocio-imobiliario\/produto\/the-business-model\/\" \/>\n<meta property=\"og:site_name\" content=\"Plano de Neg\u00f3cio Imobili\u00e1rio\" \/>\n<meta property=\"article:modified_time\" content=\"2019-12-16T02:58:14+00:00\" \/>\n<meta property=\"og:image\" content=\"https:\/\/groovedesign.eu\/landing-pages\/plano-de-negocio-imobiliario\/wp-content\/uploads\/2019\/12\/theBusinessModel.png\" \/>\n\t<meta property=\"og:image:width\" content=\"1000\" \/>\n\t<meta property=\"og:image:height\" content=\"707\" \/>\n\t<meta property=\"og:image:type\" content=\"image\/png\" \/>\n<meta name=\"twitter:card\" content=\"summary_large_image\" \/>\n<script type=\"application\/ld+json\" class=\"yoast-schema-graph\">{\"@context\":\"https:\/\/schema.org\",\"@graph\":[{\"@type\":\"WebSite\",\"@id\":\"https:\/\/groovedesign.eu\/landing-pages\/plano-de-negocio-imobiliario\/#website\",\"url\":\"https:\/\/groovedesign.eu\/landing-pages\/plano-de-negocio-imobiliario\/\",\"name\":\"Plano de Neg\u00f3cio Imobili\u00e1rio\",\"description\":\"Loja Online\",\"potentialAction\":[{\"@type\":\"SearchAction\",\"target\":{\"@type\":\"EntryPoint\",\"urlTemplate\":\"https:\/\/groovedesign.eu\/landing-pages\/plano-de-negocio-imobiliario\/?s={search_term_string}\"},\"query-input\":\"required name=search_term_string\"}],\"inLanguage\":\"pt-PT\"},{\"@type\":\"ImageObject\",\"inLanguage\":\"pt-PT\",\"@id\":\"https:\/\/groovedesign.eu\/landing-pages\/plano-de-negocio-imobiliario\/produto\/the-business-model\/#primaryimage\",\"url\":\"https:\/\/groovedesign.eu\/landing-pages\/plano-de-negocio-imobiliario\/wp-content\/uploads\/2019\/12\/theBusinessModel.png\",\"contentUrl\":\"https:\/\/groovedesign.eu\/landing-pages\/plano-de-negocio-imobiliario\/wp-content\/uploads\/2019\/12\/theBusinessModel.png\",\"width\":1000,\"height\":707},{\"@type\":\"WebPage\",\"@id\":\"https:\/\/groovedesign.eu\/landing-pages\/plano-de-negocio-imobiliario\/produto\/the-business-model\/#webpage\",\"url\":\"https:\/\/groovedesign.eu\/landing-pages\/plano-de-negocio-imobiliario\/produto\/the-business-model\/\",\"name\":\"The Business Model - Plano de Neg\u00f3cio Imobili\u00e1rio\",\"isPartOf\":{\"@id\":\"https:\/\/groovedesign.eu\/landing-pages\/plano-de-negocio-imobiliario\/#website\"},\"primaryImageOfPage\":{\"@id\":\"https:\/\/groovedesign.eu\/landing-pages\/plano-de-negocio-imobiliario\/produto\/the-business-model\/#primaryimage\"},\"datePublished\":\"2019-12-15T00:10:13+00:00\",\"dateModified\":\"2019-12-16T02:58:14+00:00\",\"breadcrumb\":{\"@id\":\"https:\/\/groovedesign.eu\/landing-pages\/plano-de-negocio-imobiliario\/produto\/the-business-model\/#breadcrumb\"},\"inLanguage\":\"pt-PT\",\"potentialAction\":[{\"@type\":\"ReadAction\",\"target\":[\"https:\/\/groovedesign.eu\/landing-pages\/plano-de-negocio-imobiliario\/produto\/the-business-model\/\"]}]},{\"@type\":\"BreadcrumbList\",\"@id\":\"https:\/\/groovedesign.eu\/landing-pages\/plano-de-negocio-imobiliario\/produto\/the-business-model\/#breadcrumb\",\"itemListElement\":[{\"@type\":\"ListItem\",\"position\":1,\"name\":\"In\u00edcio\",\"item\":\"https:\/\/groovedesign.eu\/landing-pages\/plano-de-negocio-imobiliario\/\"},{\"@type\":\"ListItem\",\"position\":2,\"name\":\"Downloads\",\"item\":\"https:\/\/groovedesign.eu\/landing-pages\/plano-de-negocio-imobiliario\/downloads\/\"},{\"@type\":\"ListItem\",\"position\":3,\"name\":\"The Business Model\"}]}]}<\/script>\n<!-- \/ Yoast SEO plugin. -->","yoast_head_json":{"title":"The Business Model - Plano de Neg\u00f3cio Imobili\u00e1rio","robots":{"index":"index","follow":"follow","max-snippet":"max-snippet:-1","max-image-preview":"max-image-preview:large","max-video-preview":"max-video-preview:-1"},"canonical":"https:\/\/groovedesign.eu\/landing-pages\/plano-de-negocio-imobiliario\/produto\/the-business-model\/","og_locale":"pt_PT","og_type":"article","og_title":"The Business Model - Plano de Neg\u00f3cio Imobili\u00e1rio","og_description":"Defina os pontos fortes e dire\u00e7\u00e3o do sua startup!","og_url":"https:\/\/groovedesign.eu\/landing-pages\/plano-de-negocio-imobiliario\/produto\/the-business-model\/","og_site_name":"Plano de Neg\u00f3cio Imobili\u00e1rio","article_modified_time":"2019-12-16T02:58:14+00:00","og_image":[{"width":1000,"height":707,"url":"https:\/\/groovedesign.eu\/landing-pages\/plano-de-negocio-imobiliario\/wp-content\/uploads\/2019\/12\/theBusinessModel.png","type":"image\/png"}],"twitter_card":"summary_large_image","schema":{"@context":"https:\/\/schema.org","@graph":[{"@type":"WebSite","@id":"https:\/\/groovedesign.eu\/landing-pages\/plano-de-negocio-imobiliario\/#website","url":"https:\/\/groovedesign.eu\/landing-pages\/plano-de-negocio-imobiliario\/","name":"Plano de Neg\u00f3cio Imobili\u00e1rio","description":"Loja Online","potentialAction":[{"@type":"SearchAction","target":{"@type":"EntryPoint","urlTemplate":"https:\/\/groovedesign.eu\/landing-pages\/plano-de-negocio-imobiliario\/?s={search_term_string}"},"query-input":"required name=search_term_string"}],"inLanguage":"pt-PT"},{"@type":"ImageObject","inLanguage":"pt-PT","@id":"https:\/\/groovedesign.eu\/landing-pages\/plano-de-negocio-imobiliario\/produto\/the-business-model\/#primaryimage","url":"https:\/\/groovedesign.eu\/landing-pages\/plano-de-negocio-imobiliario\/wp-content\/uploads\/2019\/12\/theBusinessModel.png","contentUrl":"https:\/\/groovedesign.eu\/landing-pages\/plano-de-negocio-imobiliario\/wp-content\/uploads\/2019\/12\/theBusinessModel.png","width":1000,"height":707},{"@type":"WebPage","@id":"https:\/\/groovedesign.eu\/landing-pages\/plano-de-negocio-imobiliario\/produto\/the-business-model\/#webpage","url":"https:\/\/groovedesign.eu\/landing-pages\/plano-de-negocio-imobiliario\/produto\/the-business-model\/","name":"The Business Model - Plano de Neg\u00f3cio Imobili\u00e1rio","isPartOf":{"@id":"https:\/\/groovedesign.eu\/landing-pages\/plano-de-negocio-imobiliario\/#website"},"primaryImageOfPage":{"@id":"https:\/\/groovedesign.eu\/landing-pages\/plano-de-negocio-imobiliario\/produto\/the-business-model\/#primaryimage"},"datePublished":"2019-12-15T00:10:13+00:00","dateModified":"2019-12-16T02:58:14+00:00","breadcrumb":{"@id":"https:\/\/groovedesign.eu\/landing-pages\/plano-de-negocio-imobiliario\/produto\/the-business-model\/#breadcrumb"},"inLanguage":"pt-PT","potentialAction":[{"@type":"ReadAction","target":["https:\/\/groovedesign.eu\/landing-pages\/plano-de-negocio-imobiliario\/produto\/the-business-model\/"]}]},{"@type":"BreadcrumbList","@id":"https:\/\/groovedesign.eu\/landing-pages\/plano-de-negocio-imobiliario\/produto\/the-business-model\/#breadcrumb","itemListElement":[{"@type":"ListItem","position":1,"name":"In\u00edcio","item":"https:\/\/groovedesign.eu\/landing-pages\/plano-de-negocio-imobiliario\/"},{"@type":"ListItem","position":2,"name":"Downloads","item":"https:\/\/groovedesign.eu\/landing-pages\/plano-de-negocio-imobiliario\/downloads\/"},{"@type":"ListItem","position":3,"name":"The Business Model"}]}]}},"_links":{"self":[{"href":"https:\/\/groovedesign.eu\/landing-pages\/plano-de-negocio-imobiliario\/wp-json\/wp\/v2\/product\/4586"}],"collection":[{"href":"https:\/\/groovedesign.eu\/landing-pages\/plano-de-negocio-imobiliario\/wp-json\/wp\/v2\/product"}],"about":[{"href":"https:\/\/groovedesign.eu\/landing-pages\/plano-de-negocio-imobiliario\/wp-json\/wp\/v2\/types\/product"}],"replies":[{"embeddable":true,"href":"https:\/\/groovedesign.eu\/landing-pages\/plano-de-negocio-imobiliario\/wp-json\/wp\/v2\/comments?post=4586"}],"wp:featuredmedia":[{"embeddable":true,"href":"https:\/\/groovedesign.eu\/landing-pages\/plano-de-negocio-imobiliario\/wp-json\/wp\/v2\/media\/4588"}],"wp:attachment":[{"href":"https:\/\/groovedesign.eu\/landing-pages\/plano-de-negocio-imobiliario\/wp-json\/wp\/v2\/media?parent=4586"}],"curies":[{"name":"wp","href":"https:\/\/api.w.org\/{rel}","templated":true}]}}